{"id":18,"date":"2021-08-13T20:16:50","date_gmt":"2021-08-13T18:16:50","guid":{"rendered":"https:\/\/www.oddoboni.it\/?page_id=18"},"modified":"2023-11-06T11:46:48","modified_gmt":"2023-11-06T10:46:48","slug":"about","status":"publish","type":"page","link":"https:\/\/www.oddoboni.it\/en\/about\/","title":{"rendered":"About"},"content":{"rendered":"<p>[vc_row][vc_column width=&#8221;2\/3&#8243;][vc_column_text]I was born in Fano in 1963, passionate about photography and music since I was a boy, I cultivated them until they became part of my work.<\/p>\n<p>Professional photographer since 1984, my experience has been at the service of entrepreneurs, companies, institutions and private individuals for over 35 years.<br \/>\nI experienced firsthand the epochal transition from analogue photography (film) to digital photography, immediately realizing its great potential.<\/p>\n<p>Commitment, availability and professionalism distinguish my work, in addressing the most diverse needs, accumulating experience in the search for the visual identity of clients and their products\/services.<\/p>\n<p>Main sectors of intervention: Photography and video (in studio and on location), furniture, light design, still-life, portraiture, clothing, food, industrial reportage, production processes, artistic reproductions, company presentations and other specialties.<\/p>\n<p>Co-founder of the Iabadabadu Felice di Comunicare studio, in addition to communication, I have dedicated myself to technical development and the creation of ideas\/products on behalf of numerous client companies, including those of national importance.<br \/>\nAlthough I am not strictly a designer, during this period I contributed to and followed the creation of products for various brands in the furnishing accessories, objects and accessories sectors. Products which were then marketed on our specially created e-commerce channels.<\/p>\n<p>In recent years I have &#8220;explored&#8221; the music sector, for which I designed and created Magrab\u00f2, a young Italian brand, among the best known in the market of quality Hand Made in Italy musical accessories.<\/p>\n<p>Born for fun and driven by a passion for music, Magrab\u00f2 (thanks to the entrepreneurial initiative of my daughter Francesca) has become an excellent artisan reality equipped with an internal production laboratory, with a sales network made up of specialized shops in Italy and an independent e-commerce (b2c and b2b) also operating abroad.<\/p>\n<p>For Magrab\u00f2, in addition to the conception and development of product design, I create photographic\/video images for catalogs and the website.<\/p>\n<p>The professional experience that I have gained over the years is available to companies that wish to present and promote their services or products, keeping in mind the potential of the available technologies, the methods of use and the usability of the contents.<br \/>\nThe ability to have an expanded vision of the customer and his peculiarities constitutes a fundamental prerequisite for the creation of effective and functional content.[\/vc_column_text][\/vc_column][vc_column width=&#8221;1\/3&#8243;][\/vc_column][\/vc_row][vc_row][vc_column][vc_gallery type=&#8221;image_grid&#8221; images=&#8221;1271,1272,1274&#8243; img_size=&#8221;full&#8221; onclick=&#8221;img_link_large&#8221;][\/vc_column][\/vc_row]<\/p>","protected":false},"excerpt":{"rendered":"<p>[vc_row][vc_column width=&#8221;2\/3&#8243;][vc_column_text]I was born in Fano in 1963, passionate about photography and music since I was a boy, I cultivated them until they became part of my work. Professional photographer since 1984, my experience has been at the service of entrepreneurs, companies, institutions and private individuals for over 35 years. I experienced firsthand the epochal &hellip; <\/p>\n<p class=\"link-more\"><a href=\"https:\/\/www.oddoboni.it\/en\/about\/\" class=\"more-link\">Continue reading<span class=\"screen-reader-text\"> &#8220;About&#8221;<\/span><\/a><\/p>\n","protected":false},"author":1,"featured_media":1263,"parent":0,"menu_order":0,"comment_status":"closed","ping_status":"closed","template":"","meta":{"footnotes":""},"class_list":["post-18","page","type-page","status-publish","has-post-thumbnail","hentry"],"yoast_head":"<!-- This site is optimized with the Yoast SEO plugin v18.1 - https:\/\/yoast.com\/wordpress\/plugins\/seo\/ -->\n<title>About - Oddo Boni<\/title>\n<meta name=\"description\" content=\"Fotografo professionista dal 1984. Principali settori di intervento: arredamento, light design, still-life, ritrattistica, abbigliamento, location, food, reportage industriali, processi produttivi, riproduzioni artistiche, presentazioni aziendali. Disponibilit\u00e0 e professionalit\u00e0 contraddistinguono il suo lavoro, le esigenze pi\u00f9 diverse preservando l&#039;identit\u00e0 visiva dei clienti e dei loro prodotti\/servizi. https:\/\/www.oddoboni.it\/portfolio-lavori\/\" \/>\n<meta name=\"robots\" content=\"index, follow, max-snippet:-1, max-image-preview:large, max-video-preview:-1\" \/>\n<link rel=\"canonical\" href=\"https:\/\/www.oddoboni.it\/about\/\" \/>\n<meta property=\"og:locale\" content=\"en_US\" \/>\n<meta property=\"og:type\" content=\"article\" \/>\n<meta property=\"og:title\" content=\"About - Oddo Boni\" \/>\n<meta property=\"og:description\" content=\"Fotografo professionista dal 1984. Principali settori di intervento: arredamento, light design, still-life, ritrattistica, abbigliamento, location, food, reportage industriali, processi produttivi, riproduzioni artistiche, presentazioni aziendali. Disponibilit\u00e0 e professionalit\u00e0 contraddistinguono il suo lavoro, le esigenze pi\u00f9 diverse preservando l&#039;identit\u00e0 visiva dei clienti e dei loro prodotti\/servizi. https:\/\/www.oddoboni.it\/portfolio-lavori\/\" \/>\n<meta property=\"og:url\" content=\"https:\/\/www.oddoboni.it\/about\/\" \/>\n<meta property=\"og:site_name\" content=\"Oddo Boni\" \/>\n<meta property=\"article:modified_time\" content=\"2023-11-06T10:46:48+00:00\" \/>\n<meta property=\"og:image\" content=\"https:\/\/www.oddoboni.it\/wp-content\/uploads\/2023\/02\/IMG_3605_orizz_web_2-1.jpg\" \/>\n\t<meta property=\"og:image:width\" content=\"2000\" \/>\n\t<meta property=\"og:image:height\" content=\"1000\" \/>\n\t<meta property=\"og:image:type\" content=\"image\/jpeg\" \/>\n<meta name=\"twitter:card\" content=\"summary_large_image\" \/>\n<meta name=\"twitter:label1\" content=\"Est. reading time\" \/>\n\t<meta name=\"twitter:data1\" content=\"2 minutes\" \/>\n<script type=\"application\/ld+json\" class=\"yoast-schema-graph\">{\"@context\":\"https:\/\/schema.org\",\"@graph\":[{\"@type\":\"WebSite\",\"@id\":\"https:\/\/www.oddoboni.it\/#website\",\"url\":\"https:\/\/www.oddoboni.it\/\",\"name\":\"Oddo Boni\",\"description\":\"image - communication\",\"potentialAction\":[{\"@type\":\"SearchAction\",\"target\":{\"@type\":\"EntryPoint\",\"urlTemplate\":\"https:\/\/www.oddoboni.it\/?s={search_term_string}\"},\"query-input\":\"required name=search_term_string\"}],\"inLanguage\":\"en-US\"},{\"@type\":\"ImageObject\",\"@id\":\"https:\/\/www.oddoboni.it\/about\/#primaryimage\",\"inLanguage\":\"en-US\",\"url\":\"https:\/\/www.oddoboni.it\/wp-content\/uploads\/2023\/02\/IMG_3605_orizz_web_2-1.jpg\",\"contentUrl\":\"https:\/\/www.oddoboni.it\/wp-content\/uploads\/2023\/02\/IMG_3605_orizz_web_2-1.jpg\",\"width\":2000,\"height\":1000},{\"@type\":\"WebPage\",\"@id\":\"https:\/\/www.oddoboni.it\/about\/#webpage\",\"url\":\"https:\/\/www.oddoboni.it\/about\/\",\"name\":\"About - Oddo Boni\",\"isPartOf\":{\"@id\":\"https:\/\/www.oddoboni.it\/#website\"},\"primaryImageOfPage\":{\"@id\":\"https:\/\/www.oddoboni.it\/about\/#primaryimage\"},\"datePublished\":\"2021-08-13T18:16:50+00:00\",\"dateModified\":\"2023-11-06T10:46:48+00:00\",\"description\":\"Fotografo professionista dal 1984. Principali settori di intervento: arredamento, light design, still-life, ritrattistica, abbigliamento, location, food, reportage industriali, processi produttivi, riproduzioni artistiche, presentazioni aziendali. Disponibilit\u00e0 e professionalit\u00e0 contraddistinguono il suo lavoro, le esigenze pi\u00f9 diverse preservando l'identit\u00e0 visiva dei clienti e dei loro prodotti\/servizi. https:\/\/www.oddoboni.it\/portfolio-lavori\/\",\"breadcrumb\":{\"@id\":\"https:\/\/www.oddoboni.it\/about\/#breadcrumb\"},\"inLanguage\":\"en-US\",\"potentialAction\":[{\"@type\":\"ReadAction\",\"target\":[\"https:\/\/www.oddoboni.it\/about\/\"]}]},{\"@type\":\"BreadcrumbList\",\"@id\":\"https:\/\/www.oddoboni.it\/about\/#breadcrumb\",\"itemListElement\":[{\"@type\":\"ListItem\",\"position\":1,\"name\":\"Home\",\"item\":\"https:\/\/www.oddoboni.it\/\"},{\"@type\":\"ListItem\",\"position\":2,\"name\":\"About\"}]}]}<\/script>\n<!-- \/ Yoast SEO plugin. -->","yoast_head_json":{"title":"About - Oddo Boni","description":"Fotografo professionista dal 1984. Principali settori di intervento: arredamento, light design, still-life, ritrattistica, abbigliamento, location, food, reportage industriali, processi produttivi, riproduzioni artistiche, presentazioni aziendali. Disponibilit\u00e0 e professionalit\u00e0 contraddistinguono il suo lavoro, le esigenze pi\u00f9 diverse preservando l'identit\u00e0 visiva dei clienti e dei loro prodotti\/servizi. https:\/\/www.oddoboni.it\/portfolio-lavori\/","robots":{"index":"index","follow":"follow","max-snippet":"max-snippet:-1","max-image-preview":"max-image-preview:large","max-video-preview":"max-video-preview:-1"},"canonical":"https:\/\/www.oddoboni.it\/about\/","og_locale":"en_US","og_type":"article","og_title":"About - Oddo Boni","og_description":"Fotografo professionista dal 1984. Principali settori di intervento: arredamento, light design, still-life, ritrattistica, abbigliamento, location, food, reportage industriali, processi produttivi, riproduzioni artistiche, presentazioni aziendali. Disponibilit\u00e0 e professionalit\u00e0 contraddistinguono il suo lavoro, le esigenze pi\u00f9 diverse preservando l'identit\u00e0 visiva dei clienti e dei loro prodotti\/servizi. https:\/\/www.oddoboni.it\/portfolio-lavori\/","og_url":"https:\/\/www.oddoboni.it\/about\/","og_site_name":"Oddo Boni","article_modified_time":"2023-11-06T10:46:48+00:00","og_image":[{"width":2000,"height":1000,"url":"https:\/\/www.oddoboni.it\/wp-content\/uploads\/2023\/02\/IMG_3605_orizz_web_2-1.jpg","type":"image\/jpeg"}],"twitter_card":"summary_large_image","twitter_misc":{"Est. reading time":"2 minutes"},"schema":{"@context":"https:\/\/schema.org","@graph":[{"@type":"WebSite","@id":"https:\/\/www.oddoboni.it\/#website","url":"https:\/\/www.oddoboni.it\/","name":"Oddo Boni","description":"image - communication","potentialAction":[{"@type":"SearchAction","target":{"@type":"EntryPoint","urlTemplate":"https:\/\/www.oddoboni.it\/?s={search_term_string}"},"query-input":"required name=search_term_string"}],"inLanguage":"en-US"},{"@type":"ImageObject","@id":"https:\/\/www.oddoboni.it\/about\/#primaryimage","inLanguage":"en-US","url":"https:\/\/www.oddoboni.it\/wp-content\/uploads\/2023\/02\/IMG_3605_orizz_web_2-1.jpg","contentUrl":"https:\/\/www.oddoboni.it\/wp-content\/uploads\/2023\/02\/IMG_3605_orizz_web_2-1.jpg","width":2000,"height":1000},{"@type":"WebPage","@id":"https:\/\/www.oddoboni.it\/about\/#webpage","url":"https:\/\/www.oddoboni.it\/about\/","name":"About - Oddo Boni","isPartOf":{"@id":"https:\/\/www.oddoboni.it\/#website"},"primaryImageOfPage":{"@id":"https:\/\/www.oddoboni.it\/about\/#primaryimage"},"datePublished":"2021-08-13T18:16:50+00:00","dateModified":"2023-11-06T10:46:48+00:00","description":"Fotografo professionista dal 1984. Principali settori di intervento: arredamento, light design, still-life, ritrattistica, abbigliamento, location, food, reportage industriali, processi produttivi, riproduzioni artistiche, presentazioni aziendali. Disponibilit\u00e0 e professionalit\u00e0 contraddistinguono il suo lavoro, le esigenze pi\u00f9 diverse preservando l'identit\u00e0 visiva dei clienti e dei loro prodotti\/servizi. https:\/\/www.oddoboni.it\/portfolio-lavori\/","breadcrumb":{"@id":"https:\/\/www.oddoboni.it\/about\/#breadcrumb"},"inLanguage":"en-US","potentialAction":[{"@type":"ReadAction","target":["https:\/\/www.oddoboni.it\/about\/"]}]},{"@type":"BreadcrumbList","@id":"https:\/\/www.oddoboni.it\/about\/#breadcrumb","itemListElement":[{"@type":"ListItem","position":1,"name":"Home","item":"https:\/\/www.oddoboni.it\/"},{"@type":"ListItem","position":2,"name":"About"}]}]}},"_links":{"self":[{"href":"https:\/\/www.oddoboni.it\/en\/wp-json\/wp\/v2\/pages\/18","targetHints":{"allow":["GET"]}}],"collection":[{"href":"https:\/\/www.oddoboni.it\/en\/wp-json\/wp\/v2\/pages"}],"about":[{"href":"https:\/\/www.oddoboni.it\/en\/wp-json\/wp\/v2\/types\/page"}],"author":[{"embeddable":true,"href":"https:\/\/www.oddoboni.it\/en\/wp-json\/wp\/v2\/users\/1"}],"replies":[{"embeddable":true,"href":"https:\/\/www.oddoboni.it\/en\/wp-json\/wp\/v2\/comments?post=18"}],"version-history":[{"count":27,"href":"https:\/\/www.oddoboni.it\/en\/wp-json\/wp\/v2\/pages\/18\/revisions"}],"predecessor-version":[{"id":1839,"href":"https:\/\/www.oddoboni.it\/en\/wp-json\/wp\/v2\/pages\/18\/revisions\/1839"}],"wp:featuredmedia":[{"embeddable":true,"href":"https:\/\/www.oddoboni.it\/en\/wp-json\/wp\/v2\/media\/1263"}],"wp:attachment":[{"href":"https:\/\/www.oddoboni.it\/en\/wp-json\/wp\/v2\/media?parent=18"}],"curies":[{"name":"wp","href":"https:\/\/api.w.org\/{rel}","templated":true}]}}